{"id":2,"date":"2022-01-06T21:51:50","date_gmt":"2022-01-06T20:51:50","guid":{"rendered":"https:\/\/spendenmarathon.werder12emskoeppe.de\/neu\/?page_id=2"},"modified":"2022-01-08T13:36:39","modified_gmt":"2022-01-08T12:36:39","slug":"beispiel-seite","status":"publish","type":"page","link":"https:\/\/spendenmarathon.werder12emskoeppe.de\/?page_id=2","title":{"rendered":"Emsland Rolli Kids"},"content":{"rendered":"\n<figure class=\"wp-block-image size-large is-resized\"><img loading=\"lazy\" decoding=\"async\" src=\"https:\/\/spendenmarathon.werder12emskoeppe.de\/wp-content\/uploads\/2022\/01\/Logo-Rolli_Kids-1024x732.jpg\" alt=\"\" class=\"wp-image-109\" width=\"362\" height=\"258\" srcset=\"https:\/\/spendenmarathon.werder12emskoeppe.de\/wp-content\/uploads\/2022\/01\/Logo-Rolli_Kids-1024x732.jpg 1024w, https:\/\/spendenmarathon.werder12emskoeppe.de\/wp-content\/uploads\/2022\/01\/Logo-Rolli_Kids-300x215.jpg 300w, https:\/\/spendenmarathon.werder12emskoeppe.de\/wp-content\/uploads\/2022\/01\/Logo-Rolli_Kids-768x549.jpg 768w, https:\/\/spendenmarathon.werder12emskoeppe.de\/wp-content\/uploads\/2022\/01\/Logo-Rolli_Kids-1536x1098.jpg 1536w, https:\/\/spendenmarathon.werder12emskoeppe.de\/wp-content\/uploads\/2022\/01\/Logo-Rolli_Kids-400x286.jpg 400w, https:\/\/spendenmarathon.werder12emskoeppe.de\/wp-content\/uploads\/2022\/01\/Logo-Rolli_Kids-800x572.jpg 800w, https:\/\/spendenmarathon.werder12emskoeppe.de\/wp-content\/uploads\/2022\/01\/Logo-Rolli_Kids.jpg 1699w\" sizes=\"auto, (max-width: 362px) 100vw, 362px\" \/><\/figure>\n\n\n\n<p>Dies ist eine Beispiel-Seite. Sie unterscheidet sich von Beitr\u00e4gen, da sie stets an derselben Stelle bleibt und (bei den meisten Themes) in der Website-Navigation angezeigt wird. Die meisten starten mit einem Impressum, der Datenschutzerkl\u00e4rung oder einer \u201e\u00dcber&nbsp;uns\u201c-Seite, um sich potenziellen Besuchern der Website vorzustellen. Dort k\u00f6nnte zum Beispiel stehen:<\/p>\n\n\n\n<figure class=\"wp-block-image size-full\"><img loading=\"lazy\" decoding=\"async\" width=\"960\" height=\"540\" src=\"https:\/\/spendenmarathon.werder12emskoeppe.de\/wp-content\/uploads\/2022\/01\/12193308_747779695326788_6151571051707036069_n.jpg\" alt=\"\" class=\"wp-image-107\" srcset=\"https:\/\/spendenmarathon.werder12emskoeppe.de\/wp-content\/uploads\/2022\/01\/12193308_747779695326788_6151571051707036069_n.jpg 960w, https:\/\/spendenmarathon.werder12emskoeppe.de\/wp-content\/uploads\/2022\/01\/12193308_747779695326788_6151571051707036069_n-300x169.jpg 300w, https:\/\/spendenmarathon.werder12emskoeppe.de\/wp-content\/uploads\/2022\/01\/12193308_747779695326788_6151571051707036069_n-768x432.jpg 768w, https:\/\/spendenmarathon.werder12emskoeppe.de\/wp-content\/uploads\/2022\/01\/12193308_747779695326788_6151571051707036069_n-400x225.jpg 400w, https:\/\/spendenmarathon.werder12emskoeppe.de\/wp-content\/uploads\/2022\/01\/12193308_747779695326788_6151571051707036069_n-800x450.jpg 800w\" sizes=\"auto, (max-width: 960px) 100vw, 960px\" \/><\/figure>\n\n\n\n<p>In der ersten Woche der Osterferien 2013, wurde &nbsp;mit Christian Willenborg (DRS Rollstuhltrainer) ein Rollstuhl und Mobilit\u00e4tstraining f\u00fcr Kinder und Jugendliche angeboten. Hier ging es darum spielerisch den Umgang mit dem Rollstuhl zu vermitteln. Es waren 16 Rollstuhlfahrer im Alter von 5-23 Jahren aktiv, die in zwei Gruppen aufgeteilt wurden, umso jeden einzelnen individuell weiter zu bringen.<\/p>\n\n\n\n<p>Nicht nur der Umgang mit dem Rollstuhl war hier &nbsp;wichtig, sondern hier k\u00f6nnen und konnten sich &nbsp;Kinder und Jugendliche auf Augenh\u00f6he sportlich bet\u00e4tigen, sich mit Gleichgesinnten austauschen und zudem &nbsp;Kontakte zu kn\u00fcpfen. Nicht nur f\u00fcr die Kinder und Jugendliche war diese Woche ein voller Erfolg, sondern auch die Eltern konnten sich \u00fcber gewisse Problematiken und Erfahrungen der letzten Jahre austauschen.<\/p>\n\n\n\n<figure class=\"wp-block-image size-large\"><img loading=\"lazy\" decoding=\"async\" width=\"1024\" height=\"576\" src=\"https:\/\/spendenmarathon.werder12emskoeppe.de\/wp-content\/uploads\/2022\/01\/15123216_989530477818374_5707289172641598228_o-1024x576.jpg\" alt=\"\" class=\"wp-image-108\" srcset=\"https:\/\/spendenmarathon.werder12emskoeppe.de\/wp-content\/uploads\/2022\/01\/15123216_989530477818374_5707289172641598228_o-1024x576.jpg 1024w, https:\/\/spendenmarathon.werder12emskoeppe.de\/wp-content\/uploads\/2022\/01\/15123216_989530477818374_5707289172641598228_o-300x169.jpg 300w, https:\/\/spendenmarathon.werder12emskoeppe.de\/wp-content\/uploads\/2022\/01\/15123216_989530477818374_5707289172641598228_o-768x432.jpg 768w, https:\/\/spendenmarathon.werder12emskoeppe.de\/wp-content\/uploads\/2022\/01\/15123216_989530477818374_5707289172641598228_o-1536x864.jpg 1536w, https:\/\/spendenmarathon.werder12emskoeppe.de\/wp-content\/uploads\/2022\/01\/15123216_989530477818374_5707289172641598228_o-1870x1052.jpg 1870w, https:\/\/spendenmarathon.werder12emskoeppe.de\/wp-content\/uploads\/2022\/01\/15123216_989530477818374_5707289172641598228_o-400x225.jpg 400w, https:\/\/spendenmarathon.werder12emskoeppe.de\/wp-content\/uploads\/2022\/01\/15123216_989530477818374_5707289172641598228_o-800x450.jpg 800w, https:\/\/spendenmarathon.werder12emskoeppe.de\/wp-content\/uploads\/2022\/01\/15123216_989530477818374_5707289172641598228_o.jpg 2048w\" sizes=\"auto, (max-width: 1024px) 100vw, 1024px\" \/><\/figure>\n\n\n\n<p>Am Ende der Woche wurde dann der Wunsch ge\u00e4u\u00dfert, dieses Training einmal im Monat fortzusetzen, um die Gruppe und jeden einzelnen weiter zu f\u00f6rdern. Denn auch Sport im Rollstuhl ist Lebensqualit\u00e4t!! Nat\u00fcrlich w\u00fcrden wir uns \u00fcber Zuwachs der Gruppe sehr freuen. Das Training findet jeden letzten Donnerstag im Monat von 17.00 &#8211; 18.30 Uhr in der gro\u00dfen Turnhalle des Windhorst-Gymnasium (Meppen) statt.<\/p>\n\n\n\n<p>Unterst\u00fctzt wird Christian Willenborg von Patrick van Geldere und Thomas Hilmes. Alle drei sind aktive Spieler der Emsland Rolli Baskets.<\/p>\n\n\n\n<p>Entweder kommt ihr einfach vorbei, meldet euch \u00fcber unserer Homepage oder wendet euch direkt an Christian Willenborg.<\/p>\n\n\n\n<div class=\"wp-block-buttons is-layout-flex wp-block-buttons-is-layout-flex\">\n<div class=\"wp-block-button\"><a class=\"wp-block-button__link\" href=\"https:\/\/spendenmarathon.werder12emskoeppe.de\/?page_id=47\">Jetzt Spenden<\/a><\/div>\n<\/div>\n\n\n\n<p>Werde <strong>Helfer mit Herz<\/strong>, gemeinsam snd wir stark!<\/p>\n\n\n\n<p>Vielen Dank!<\/p>\n","protected":false},"excerpt":{"rendered":"<p>Dies ist eine Beispiel-Seite. Sie unterscheidet sich von Beitr\u00e4gen, da sie stets an derselben Stelle bleibt und (bei den meisten Themes) in der Website-Navigation angezeigt wird. Die meisten starten mit einem Impressum, der Datenschutzerkl\u00e4rung oder einer \u201e\u00dcber&nbsp;uns\u201c-Seite, um sich potenziellen Besuchern der Website vorzustellen. Dort k\u00f6nnte zum Beispiel stehen: In der ersten Woche der Osterferien [&hellip;]<\/p>\n","protected":false},"author":1,"featured_media":0,"parent":0,"menu_order":0,"comment_status":"closed","ping_status":"open","template":"","meta":{"footnotes":""},"class_list":["post-2","page","type-page","status-publish","hentry","missing-thumbnail"],"_links":{"self":[{"href":"https:\/\/spendenmarathon.werder12emskoeppe.de\/index.php?rest_route=\/wp\/v2\/pages\/2","targetHints":{"allow":["GET"]}}],"collection":[{"href":"https:\/\/spendenmarathon.werder12emskoeppe.de\/index.php?rest_route=\/wp\/v2\/pages"}],"about":[{"href":"https:\/\/spendenmarathon.werder12emskoeppe.de\/index.php?rest_route=\/wp\/v2\/types\/page"}],"author":[{"embeddable":true,"href":"https:\/\/spendenmarathon.werder12emskoeppe.de\/index.php?rest_route=\/wp\/v2\/users\/1"}],"replies":[{"embeddable":true,"href":"https:\/\/spendenmarathon.werder12emskoeppe.de\/index.php?rest_route=%2Fwp%2Fv2%2Fcomments&post=2"}],"version-history":[{"count":3,"href":"https:\/\/spendenmarathon.werder12emskoeppe.de\/index.php?rest_route=\/wp\/v2\/pages\/2\/revisions"}],"predecessor-version":[{"id":148,"href":"https:\/\/spendenmarathon.werder12emskoeppe.de\/index.php?rest_route=\/wp\/v2\/pages\/2\/revisions\/148"}],"wp:attachment":[{"href":"https:\/\/spendenmarathon.werder12emskoeppe.de\/index.php?rest_route=%2Fwp%2Fv2%2Fmedia&parent=2"}],"curies":[{"name":"wp","href":"https:\/\/api.w.org\/{rel}","templated":true}]}}