{"id":177,"date":"2022-01-09T11:10:20","date_gmt":"2022-01-09T10:10:20","guid":{"rendered":"https:\/\/spendenmarathon.werder12emskoeppe.de\/?page_id=177"},"modified":"2022-04-12T11:43:59","modified_gmt":"2022-04-12T09:43:59","slug":"sponsoren","status":"publish","type":"page","link":"https:\/\/spendenmarathon.werder12emskoeppe.de\/?page_id=177","title":{"rendered":"Sponsoren\/Partner"},"content":{"rendered":"\n<p>Wenn du uns mit deiner Firma oder Verein unterst\u00fctzen m\u00f6chtest kontaktiere uns oder gib dieses auf dem Spendenformular an. Wir werden dann, wenn gew\u00fcnscht, dein Logo inklusive Verlinkung auf die Firmen\/Vereinswebseite auf dieser Seite ver\u00f6ffentlichen. Vielen Dank!<\/p>\n\n\n\n<p><\/p>\n\n\n\n<p>Hier findet Ihr die Webseitenpr\u00e4senz der <strong>Sponsoren mit Herz!<\/strong><\/p>\n\n\n\n<figure class=\"wp-block-image size-full is-resized\"><img loading=\"lazy\" decoding=\"async\" src=\"https:\/\/spendenmarathon.werder12emskoeppe.de\/wp-content\/uploads\/2022\/02\/UnternehmensgruppeKramer.png\" alt=\"\" class=\"wp-image-292\" width=\"342\" height=\"202\" srcset=\"https:\/\/spendenmarathon.werder12emskoeppe.de\/wp-content\/uploads\/2022\/02\/UnternehmensgruppeKramer.png 1003w, https:\/\/spendenmarathon.werder12emskoeppe.de\/wp-content\/uploads\/2022\/02\/UnternehmensgruppeKramer-300x177.png 300w, https:\/\/spendenmarathon.werder12emskoeppe.de\/wp-content\/uploads\/2022\/02\/UnternehmensgruppeKramer-768x454.png 768w, https:\/\/spendenmarathon.werder12emskoeppe.de\/wp-content\/uploads\/2022\/02\/UnternehmensgruppeKramer-400x236.png 400w, https:\/\/spendenmarathon.werder12emskoeppe.de\/wp-content\/uploads\/2022\/02\/UnternehmensgruppeKramer-800x473.png 800w\" sizes=\"auto, (max-width: 342px) 100vw, 342px\" \/><\/figure>\n\n\n\n<figure class=\"wp-block-image size-full\"><a href=\"https:\/\/www.zechgmbh.de\/de\/zech-ingenieurgesellschaft\/\"><img loading=\"lazy\" decoding=\"async\" width=\"350\" height=\"196\" src=\"https:\/\/spendenmarathon.werder12emskoeppe.de\/wp-content\/uploads\/2022\/04\/csm_logo_zech_350x350_d94f86e544.jpg\" alt=\"\" class=\"wp-image-389\" srcset=\"https:\/\/spendenmarathon.werder12emskoeppe.de\/wp-content\/uploads\/2022\/04\/csm_logo_zech_350x350_d94f86e544.jpg 350w, https:\/\/spendenmarathon.werder12emskoeppe.de\/wp-content\/uploads\/2022\/04\/csm_logo_zech_350x350_d94f86e544-300x168.jpg 300w\" sizes=\"auto, (max-width: 350px) 100vw, 350px\" \/><\/a><\/figure>\n\n\n\n<figure class=\"wp-block-image size-full is-resized\"><a href=\"https:\/\/www.moebelbrand.de\/\"><img loading=\"lazy\" decoding=\"async\" src=\"https:\/\/spendenmarathon.werder12emskoeppe.de\/wp-content\/uploads\/2022\/03\/image001.jpg\" alt=\"\" class=\"wp-image-359\" width=\"361\" height=\"89\" srcset=\"https:\/\/spendenmarathon.werder12emskoeppe.de\/wp-content\/uploads\/2022\/03\/image001.jpg 320w, https:\/\/spendenmarathon.werder12emskoeppe.de\/wp-content\/uploads\/2022\/03\/image001-300x74.jpg 300w\" sizes=\"auto, (max-width: 361px) 100vw, 361px\" \/><\/a><\/figure>\n\n\n\n<figure class=\"wp-block-image size-large is-resized\"><a href=\"http:\/\/www.vitus.info\/\"><img loading=\"lazy\" decoding=\"async\" src=\"https:\/\/spendenmarathon.werder12emskoeppe.de\/wp-content\/uploads\/2022\/02\/Vitus_Logo_RGB-1024x560.png\" alt=\"\" class=\"wp-image-320\" width=\"305\" height=\"167\" srcset=\"https:\/\/spendenmarathon.werder12emskoeppe.de\/wp-content\/uploads\/2022\/02\/Vitus_Logo_RGB-1024x560.png 1024w, https:\/\/spendenmarathon.werder12emskoeppe.de\/wp-content\/uploads\/2022\/02\/Vitus_Logo_RGB-300x164.png 300w, https:\/\/spendenmarathon.werder12emskoeppe.de\/wp-content\/uploads\/2022\/02\/Vitus_Logo_RGB-768x420.png 768w, https:\/\/spendenmarathon.werder12emskoeppe.de\/wp-content\/uploads\/2022\/02\/Vitus_Logo_RGB-1536x839.png 1536w, https:\/\/spendenmarathon.werder12emskoeppe.de\/wp-content\/uploads\/2022\/02\/Vitus_Logo_RGB-400x219.png 400w, https:\/\/spendenmarathon.werder12emskoeppe.de\/wp-content\/uploads\/2022\/02\/Vitus_Logo_RGB-800x437.png 800w, https:\/\/spendenmarathon.werder12emskoeppe.de\/wp-content\/uploads\/2022\/02\/Vitus_Logo_RGB.png 1799w\" sizes=\"auto, (max-width: 305px) 100vw, 305px\" \/><\/a><\/figure>\n\n\n\n<figure class=\"wp-block-image size-large is-resized\"><a href=\"https:\/\/www.schulte-haseluenne.de\/\"><img loading=\"lazy\" decoding=\"async\" src=\"https:\/\/spendenmarathon.werder12emskoeppe.de\/wp-content\/uploads\/2022\/01\/Logo-Schulte-gross-scaled-1-1024x503.jpg\" alt=\"\" class=\"wp-image-224\" width=\"349\" height=\"171\" srcset=\"https:\/\/spendenmarathon.werder12emskoeppe.de\/wp-content\/uploads\/2022\/01\/Logo-Schulte-gross-scaled-1-1024x503.jpg 1024w, https:\/\/spendenmarathon.werder12emskoeppe.de\/wp-content\/uploads\/2022\/01\/Logo-Schulte-gross-scaled-1-300x147.jpg 300w, https:\/\/spendenmarathon.werder12emskoeppe.de\/wp-content\/uploads\/2022\/01\/Logo-Schulte-gross-scaled-1-768x377.jpg 768w, https:\/\/spendenmarathon.werder12emskoeppe.de\/wp-content\/uploads\/2022\/01\/Logo-Schulte-gross-scaled-1-1536x754.jpg 1536w, https:\/\/spendenmarathon.werder12emskoeppe.de\/wp-content\/uploads\/2022\/01\/Logo-Schulte-gross-scaled-1-1870x918.jpg 1870w, https:\/\/spendenmarathon.werder12emskoeppe.de\/wp-content\/uploads\/2022\/01\/Logo-Schulte-gross-scaled-1-400x196.jpg 400w, https:\/\/spendenmarathon.werder12emskoeppe.de\/wp-content\/uploads\/2022\/01\/Logo-Schulte-gross-scaled-1-800x393.jpg 800w, https:\/\/spendenmarathon.werder12emskoeppe.de\/wp-content\/uploads\/2022\/01\/Logo-Schulte-gross-scaled-1.jpg 2048w\" sizes=\"auto, (max-width: 349px) 100vw, 349px\" \/><\/a><\/figure>\n\n\n\n<figure class=\"wp-block-image size-large is-resized\"><a href=\"http:\/\/www.evb-meppen.de\"><img loading=\"lazy\" decoding=\"async\" src=\"https:\/\/spendenmarathon.werder12emskoeppe.de\/wp-content\/uploads\/2022\/03\/Unterstuetzt-durch-EVB-2-1024x402.jpg\" alt=\"\" class=\"wp-image-353\" width=\"363\" height=\"143\" srcset=\"https:\/\/spendenmarathon.werder12emskoeppe.de\/wp-content\/uploads\/2022\/03\/Unterstuetzt-durch-EVB-2-1024x402.jpg 1024w, https:\/\/spendenmarathon.werder12emskoeppe.de\/wp-content\/uploads\/2022\/03\/Unterstuetzt-durch-EVB-2-300x118.jpg 300w, https:\/\/spendenmarathon.werder12emskoeppe.de\/wp-content\/uploads\/2022\/03\/Unterstuetzt-durch-EVB-2-768x302.jpg 768w, https:\/\/spendenmarathon.werder12emskoeppe.de\/wp-content\/uploads\/2022\/03\/Unterstuetzt-durch-EVB-2-400x157.jpg 400w, https:\/\/spendenmarathon.werder12emskoeppe.de\/wp-content\/uploads\/2022\/03\/Unterstuetzt-durch-EVB-2-800x314.jpg 800w, https:\/\/spendenmarathon.werder12emskoeppe.de\/wp-content\/uploads\/2022\/03\/Unterstuetzt-durch-EVB-2.jpg 1276w\" sizes=\"auto, (max-width: 363px) 100vw, 363px\" \/><\/a><\/figure>\n\n\n\n<figure class=\"wp-block-image size-full is-resized\"><a href=\"https:\/\/ficker.lvm.de\/agenturhomepage\/\"><img loading=\"lazy\" decoding=\"async\" src=\"https:\/\/spendenmarathon.werder12emskoeppe.de\/wp-content\/uploads\/2022\/03\/Screenshot_20220304-071829_Adobe-Acrobat.jpg\" alt=\"\" class=\"wp-image-343\" width=\"228\" height=\"146\" srcset=\"https:\/\/spendenmarathon.werder12emskoeppe.de\/wp-content\/uploads\/2022\/03\/Screenshot_20220304-071829_Adobe-Acrobat.jpg 540w, https:\/\/spendenmarathon.werder12emskoeppe.de\/wp-content\/uploads\/2022\/03\/Screenshot_20220304-071829_Adobe-Acrobat-300x192.jpg 300w, https:\/\/spendenmarathon.werder12emskoeppe.de\/wp-content\/uploads\/2022\/03\/Screenshot_20220304-071829_Adobe-Acrobat-400x256.jpg 400w\" sizes=\"auto, (max-width: 228px) 100vw, 228px\" \/><\/a><\/figure>\n\n\n\n<figure class=\"wp-block-image size-full\"><a href=\"https:\/\/www.kuechen-stegink.de\/\"><img loading=\"lazy\" decoding=\"async\" width=\"339\" height=\"100\" src=\"https:\/\/spendenmarathon.werder12emskoeppe.de\/wp-content\/uploads\/2022\/03\/AJ56Q4rfAyPwR9VD.jpg\" alt=\"\" class=\"wp-image-348\" srcset=\"https:\/\/spendenmarathon.werder12emskoeppe.de\/wp-content\/uploads\/2022\/03\/AJ56Q4rfAyPwR9VD.jpg 339w, https:\/\/spendenmarathon.werder12emskoeppe.de\/wp-content\/uploads\/2022\/03\/AJ56Q4rfAyPwR9VD-300x88.jpg 300w\" sizes=\"auto, (max-width: 339px) 100vw, 339px\" \/><\/a><\/figure>\n\n\n\n<figure class=\"wp-block-image size-full is-resized\"><a href=\"https:\/\/www.vivaris.net\/\"><img loading=\"lazy\" decoding=\"async\" src=\"https:\/\/spendenmarathon.werder12emskoeppe.de\/wp-content\/uploads\/2022\/02\/csm_99-Logo-Viva_7b3273b6c5.png\" alt=\"\" class=\"wp-image-253\" width=\"222\" height=\"84\" srcset=\"https:\/\/spendenmarathon.werder12emskoeppe.de\/wp-content\/uploads\/2022\/02\/csm_99-Logo-Viva_7b3273b6c5.png 400w, https:\/\/spendenmarathon.werder12emskoeppe.de\/wp-content\/uploads\/2022\/02\/csm_99-Logo-Viva_7b3273b6c5-300x113.png 300w\" sizes=\"auto, (max-width: 222px) 100vw, 222px\" \/><\/a><\/figure>\n\n\n\n<p>Hier findet Ihr die Webseitenpr\u00e4senz der <strong>Partner mit Herz!<\/strong><\/p>\n\n\n\n<figure class=\"wp-block-image size-full is-resized\"><a href=\"https:\/\/www.dmsg-emsland.de\/\"><img loading=\"lazy\" decoding=\"async\" src=\"https:\/\/spendenmarathon.werder12emskoeppe.de\/wp-content\/uploads\/2022\/01\/logo_dmsg_emsland.png\" alt=\"\" class=\"wp-image-226\" width=\"182\" height=\"87\"\/><\/a><\/figure>\n\n\n\n<figure class=\"wp-block-image size-full is-resized\"><a href=\"https:\/\/www.ksb-emsland.de\/aktuelles\/detail\/spenden-tandem-marathon-fuer-die-emsland-rolli-mobility-2201.html?tx_news_pi1%5Bcontroller%5D=News&amp;tx_news_pi1%5Baction%5D=detail&amp;cHash=efb29d5a40e71c1692a2f654f2f6f74d\"><img loading=\"lazy\" decoding=\"async\" src=\"https:\/\/spendenmarathon.werder12emskoeppe.de\/wp-content\/uploads\/2022\/01\/ksb-emsland.png\" alt=\"\" class=\"wp-image-210\" width=\"190\" height=\"97\"\/><\/a><\/figure>\n\n\n\n<figure class=\"wp-block-image size-full is-resized\"><a href=\"https:\/\/www.indus-emsland.de\/\"><img loading=\"lazy\" decoding=\"async\" src=\"https:\/\/spendenmarathon.werder12emskoeppe.de\/wp-content\/uploads\/2022\/01\/indus_logo_top-1.png\" alt=\"\" class=\"wp-image-212\" width=\"214\" height=\"144\" srcset=\"https:\/\/spendenmarathon.werder12emskoeppe.de\/wp-content\/uploads\/2022\/01\/indus_logo_top-1.png 310w, https:\/\/spendenmarathon.werder12emskoeppe.de\/wp-content\/uploads\/2022\/01\/indus_logo_top-1-300x202.png 300w\" sizes=\"auto, (max-width: 214px) 100vw, 214px\" \/><\/a><\/figure>\n\n\n\n<figure class=\"wp-block-image size-large\"><img loading=\"lazy\" decoding=\"async\" width=\"1024\" height=\"213\" src=\"https:\/\/spendenmarathon.werder12emskoeppe.de\/wp-content\/uploads\/2022\/01\/Logo_Netzkultur_Informationssysteme_blau-1024x213.jpg\" alt=\"\" class=\"wp-image-192\" srcset=\"https:\/\/spendenmarathon.werder12emskoeppe.de\/wp-content\/uploads\/2022\/01\/Logo_Netzkultur_Informationssysteme_blau-1024x213.jpg 1024w, https:\/\/spendenmarathon.werder12emskoeppe.de\/wp-content\/uploads\/2022\/01\/Logo_Netzkultur_Informationssysteme_blau-300x62.jpg 300w, https:\/\/spendenmarathon.werder12emskoeppe.de\/wp-content\/uploads\/2022\/01\/Logo_Netzkultur_Informationssysteme_blau-768x160.jpg 768w, https:\/\/spendenmarathon.werder12emskoeppe.de\/wp-content\/uploads\/2022\/01\/Logo_Netzkultur_Informationssysteme_blau-400x83.jpg 400w, https:\/\/spendenmarathon.werder12emskoeppe.de\/wp-content\/uploads\/2022\/01\/Logo_Netzkultur_Informationssysteme_blau-800x167.jpg 800w, https:\/\/spendenmarathon.werder12emskoeppe.de\/wp-content\/uploads\/2022\/01\/Logo_Netzkultur_Informationssysteme_blau.jpg 1181w\" sizes=\"auto, (max-width: 1024px) 100vw, 1024px\" \/><\/figure>\n\n\n\n<figure class=\"wp-block-image size-full is-resized\"><a href=\"https:\/\/www.svmeppen.de\/\"><img loading=\"lazy\" decoding=\"async\" src=\"https:\/\/spendenmarathon.werder12emskoeppe.de\/wp-content\/uploads\/2022\/02\/images.jpg\" alt=\"\" class=\"wp-image-324\" width=\"515\" height=\"190\" srcset=\"https:\/\/spendenmarathon.werder12emskoeppe.de\/wp-content\/uploads\/2022\/02\/images.jpg 369w, https:\/\/spendenmarathon.werder12emskoeppe.de\/wp-content\/uploads\/2022\/02\/images-300x111.jpg 300w\" sizes=\"auto, (max-width: 515px) 100vw, 515px\" \/><\/a><\/figure>\n\n\n\n<figure class=\"wp-block-image size-large\"><a href=\"https:\/\/www.werder.de\"><img loading=\"lazy\" decoding=\"async\" width=\"1024\" height=\"314\" src=\"https:\/\/spendenmarathon.werder12emskoeppe.de\/wp-content\/uploads\/2022\/01\/WB-Logo_weisser_Hintergrund-1024x314.gif\" alt=\"\" class=\"wp-image-215\" srcset=\"https:\/\/spendenmarathon.werder12emskoeppe.de\/wp-content\/uploads\/2022\/01\/WB-Logo_weisser_Hintergrund-1024x314.gif 1024w, https:\/\/spendenmarathon.werder12emskoeppe.de\/wp-content\/uploads\/2022\/01\/WB-Logo_weisser_Hintergrund-300x92.gif 300w, https:\/\/spendenmarathon.werder12emskoeppe.de\/wp-content\/uploads\/2022\/01\/WB-Logo_weisser_Hintergrund-768x235.gif 768w, https:\/\/spendenmarathon.werder12emskoeppe.de\/wp-content\/uploads\/2022\/01\/WB-Logo_weisser_Hintergrund-1536x471.gif 1536w, https:\/\/spendenmarathon.werder12emskoeppe.de\/wp-content\/uploads\/2022\/01\/WB-Logo_weisser_Hintergrund-2048x628.gif 2048w, https:\/\/spendenmarathon.werder12emskoeppe.de\/wp-content\/uploads\/2022\/01\/WB-Logo_weisser_Hintergrund-1870x573.gif 1870w, https:\/\/spendenmarathon.werder12emskoeppe.de\/wp-content\/uploads\/2022\/01\/WB-Logo_weisser_Hintergrund-400x123.gif 400w, https:\/\/spendenmarathon.werder12emskoeppe.de\/wp-content\/uploads\/2022\/01\/WB-Logo_weisser_Hintergrund-800x245.gif 800w\" sizes=\"auto, (max-width: 1024px) 100vw, 1024px\" \/><\/a><\/figure>\n\n\n\n<p><strong>Helfer mit Herz!<\/strong> (Freiwillige Bekanntmachung)<\/p>\n\n\n\n<p><strong>Marc P.<\/strong> 20\u20ac, <strong>Monika L.<\/strong> 20\u20ac, <strong>Martin V.<\/strong> 50\u20ac, <strong>Karsten V.<\/strong> 42\u20ac, <strong>Norbert V. <\/strong>50\u20ac, <strong>Thomas T. <\/strong>50\u20ac, <strong>Gerd und Angelika S.<\/strong> 50\u20ac, <strong>Ute und Michael D. <\/strong>50\u20ac, <strong>Elisabeth M.<\/strong> 30\u20ac,<strong> Sabrina M.<\/strong> 20\u20ac, <strong>Anja und Thomas O.H.<\/strong> 50\u20ac<\/p>\n","protected":false},"excerpt":{"rendered":"<p>Wenn du uns mit deiner Firma oder Verein unterst\u00fctzen m\u00f6chtest kontaktiere uns oder gib dieses auf dem Spendenformular an. Wir werden dann, wenn gew\u00fcnscht, dein Logo inklusive Verlinkung auf die Firmen\/Vereinswebseite auf dieser Seite ver\u00f6ffentlichen. Vielen Dank! Hier findet Ihr die Webseitenpr\u00e4senz der Sponsoren mit Herz! Hier findet Ihr die Webseitenpr\u00e4senz der Partner mit Herz! [&hellip;]<\/p>\n","protected":false},"author":1,"featured_media":0,"parent":0,"menu_order":0,"comment_status":"closed","ping_status":"closed","template":"","meta":{"footnotes":""},"class_list":["post-177","page","type-page","status-publish","hentry","missing-thumbnail"],"_links":{"self":[{"href":"https:\/\/spendenmarathon.werder12emskoeppe.de\/index.php?rest_route=\/wp\/v2\/pages\/177","targetHints":{"allow":["GET"]}}],"collection":[{"href":"https:\/\/spendenmarathon.werder12emskoeppe.de\/index.php?rest_route=\/wp\/v2\/pages"}],"about":[{"href":"https:\/\/spendenmarathon.werder12emskoeppe.de\/index.php?rest_route=\/wp\/v2\/types\/page"}],"author":[{"embeddable":true,"href":"https:\/\/spendenmarathon.werder12emskoeppe.de\/index.php?rest_route=\/wp\/v2\/users\/1"}],"replies":[{"embeddable":true,"href":"https:\/\/spendenmarathon.werder12emskoeppe.de\/index.php?rest_route=%2Fwp%2Fv2%2Fcomments&post=177"}],"version-history":[{"count":25,"href":"https:\/\/spendenmarathon.werder12emskoeppe.de\/index.php?rest_route=\/wp\/v2\/pages\/177\/revisions"}],"predecessor-version":[{"id":390,"href":"https:\/\/spendenmarathon.werder12emskoeppe.de\/index.php?rest_route=\/wp\/v2\/pages\/177\/revisions\/390"}],"wp:attachment":[{"href":"https:\/\/spendenmarathon.werder12emskoeppe.de\/index.php?rest_route=%2Fwp%2Fv2%2Fmedia&parent=177"}],"curies":[{"name":"wp","href":"https:\/\/api.w.org\/{rel}","templated":true}]}}